{"id":211,"date":"2026-01-08T20:15:47","date_gmt":"2026-01-08T19:15:47","guid":{"rendered":"https:\/\/gekg.womam.de\/?page_id=211"},"modified":"2026-01-08T20:15:48","modified_gmt":"2026-01-08T19:15:48","slug":"archiv","status":"publish","type":"page","link":"https:\/\/gekg.womam.de\/index.php\/archiv\/","title":{"rendered":"Archiv"},"content":{"rendered":"\n<p>In unserem Archiv findest du einen \u00dcberblick \u00fcber vergangene Jahre der Gro\u00dfen Erkrather KG. Hier sind <a href=\"https:\/\/gekg.womam.de\/index.php\/ehemalige-sessionen\/\">ehemalige Sessionen<\/a>, <strong><a href=\"https:\/\/gekg.womam.de\/index.php\/sessionshefte\/\">Sessionshefte<\/a><\/strong> und <strong><a href=\"https:\/\/gekg.womam.de\/index.php\/orden\/\">Orden<\/a><\/strong> aus fr\u00fcheren Jahren gesammelt. \u00dcber die einzelnen Reiter gelangen Sie zu den jeweiligen Inhalten und Erinnerungen an vergangene Karnevalszeiten.<\/p>\n\n\n\n<figure class=\"wp-block-image size-large\"><img loading=\"lazy\" decoding=\"async\" width=\"1024\" height=\"683\" src=\"http:\/\/gekg.womam.de\/wp-content\/uploads\/2025\/12\/VM_9079-1024x683.jpg\" alt=\"\" class=\"wp-image-17\" srcset=\"https:\/\/gekg.womam.de\/wp-content\/uploads\/2025\/12\/VM_9079-1024x683.jpg 1024w, https:\/\/gekg.womam.de\/wp-content\/uploads\/2025\/12\/VM_9079-300x200.jpg 300w, https:\/\/gekg.womam.de\/wp-content\/uploads\/2025\/12\/VM_9079-768x512.jpg 768w, https:\/\/gekg.womam.de\/wp-content\/uploads\/2025\/12\/VM_9079-1536x1024.jpg 1536w, https:\/\/gekg.womam.de\/wp-content\/uploads\/2025\/12\/VM_9079-2048x1365.jpg 2048w\" sizes=\"auto, (max-width: 1024px) 100vw, 1024px\" \/><\/figure>\n","protected":false},"excerpt":{"rendered":"<p>In unserem Archiv findest du einen \u00dcberblick \u00fcber vergangene Jahre der Gro\u00dfen Erkrather KG. Hier sind ehemalige Sessionen, Sessionshefte und Orden aus fr\u00fcheren Jahren gesammelt. \u00dcber die einzelnen Reiter gelangen Sie zu den jeweiligen Inhalten und Erinnerungen an vergangene Karnevalszeiten.<\/p>\n","protected":false},"author":2,"featured_media":0,"parent":0,"menu_order":0,"comment_status":"closed","ping_status":"closed","template":"","meta":{"ngg_post_thumbnail":0,"footnotes":""},"class_list":["post-211","page","type-page","status-publish","hentry"],"_links":{"self":[{"href":"https:\/\/gekg.womam.de\/index.php\/wp-json\/wp\/v2\/pages\/211","targetHints":{"allow":["GET"]}}],"collection":[{"href":"https:\/\/gekg.womam.de\/index.php\/wp-json\/wp\/v2\/pages"}],"about":[{"href":"https:\/\/gekg.womam.de\/index.php\/wp-json\/wp\/v2\/types\/page"}],"author":[{"embeddable":true,"href":"https:\/\/gekg.womam.de\/index.php\/wp-json\/wp\/v2\/users\/2"}],"replies":[{"embeddable":true,"href":"https:\/\/gekg.womam.de\/index.php\/wp-json\/wp\/v2\/comments?post=211"}],"version-history":[{"count":1,"href":"https:\/\/gekg.womam.de\/index.php\/wp-json\/wp\/v2\/pages\/211\/revisions"}],"predecessor-version":[{"id":231,"href":"https:\/\/gekg.womam.de\/index.php\/wp-json\/wp\/v2\/pages\/211\/revisions\/231"}],"wp:attachment":[{"href":"https:\/\/gekg.womam.de\/index.php\/wp-json\/wp\/v2\/media?parent=211"}],"curies":[{"name":"wp","href":"https:\/\/api.w.org\/{rel}","templated":true}]}}