{"id":115,"date":"2026-01-07T18:02:34","date_gmt":"2026-01-07T17:02:34","guid":{"rendered":"https:\/\/gekg.womam.de\/?page_id=115"},"modified":"2026-02-06T09:24:26","modified_gmt":"2026-02-06T08:24:26","slug":"sponsoren","status":"publish","type":"page","link":"https:\/\/gekg.womam.de\/index.php\/sponsoren\/","title":{"rendered":"Sponsoren"},"content":{"rendered":"\n<p><\/p>\n\n\n\n<p>Wir freuen uns \u00fcber Unternehmen, die unsere <strong>Hopped\u00f6tze<\/strong> oder unsere <strong>Veranstaltungen<\/strong> <strong>unterst\u00fctzen<\/strong> m\u00f6chten.<br>Ob als <strong>Sponsor<\/strong> f\u00fcr unsere Hopped\u00f6tze oder durch das Aufh\u00e4ngen von Werbebannern bei Events \u2013 jede Partnerschaft hilft uns, unseren Karneval und unsere Jugendarbeit noch bunter und lebendiger zu gestalten.<\/p>\n\n\n\n<p>Interesse? Dann melden Sie sich gerne bei uns!<\/p>\n\n\n\n<p class=\"has-text-align-center has-white-color has-text-color has-background has-link-color wp-elements-a40fc81b8814487d7d7b5ec7cd1839f9\" style=\"background-color:#00bfcf\">Unsere derzeitigen Sponsoren:<\/p>\n\n\n\n<figure class=\"wp-block-image size-full is-resized\"><img loading=\"lazy\" decoding=\"async\" width=\"345\" height=\"270\" src=\"http:\/\/gekg.womam.de\/wp-content\/uploads\/2025\/12\/DVAG.png\" alt=\"\" class=\"wp-image-50\" style=\"aspect-ratio:1.277817276928546;width:284px;height:auto\" srcset=\"https:\/\/gekg.womam.de\/wp-content\/uploads\/2025\/12\/DVAG.png 345w, https:\/\/gekg.womam.de\/wp-content\/uploads\/2025\/12\/DVAG-300x235.png 300w\" sizes=\"auto, (max-width: 345px) 100vw, 345px\" \/><\/figure>\n\n\n\n<figure class=\"wp-block-image size-large\"><img loading=\"lazy\" decoding=\"async\" width=\"1024\" height=\"174\" src=\"http:\/\/gekg.womam.de\/wp-content\/uploads\/2025\/12\/hanten_logo_final-1024x174.jpg\" alt=\"\" class=\"wp-image-55\" srcset=\"https:\/\/gekg.womam.de\/wp-content\/uploads\/2025\/12\/hanten_logo_final-1024x174.jpg 1024w, https:\/\/gekg.womam.de\/wp-content\/uploads\/2025\/12\/hanten_logo_final-300x51.jpg 300w, https:\/\/gekg.womam.de\/wp-content\/uploads\/2025\/12\/hanten_logo_final-768x131.jpg 768w, https:\/\/gekg.womam.de\/wp-content\/uploads\/2025\/12\/hanten_logo_final-1536x262.jpg 1536w, https:\/\/gekg.womam.de\/wp-content\/uploads\/2025\/12\/hanten_logo_final-2048x349.jpg 2048w\" sizes=\"auto, (max-width: 1024px) 100vw, 1024px\" \/><\/figure>\n\n\n\n<figure class=\"wp-block-image size-full is-resized\"><img loading=\"lazy\" decoding=\"async\" width=\"181\" height=\"74\" src=\"http:\/\/gekg.womam.de\/wp-content\/uploads\/2025\/12\/sponsor-logo-rewe-stockhausen-001.jpg\" alt=\"\" class=\"wp-image-54\" style=\"width:384px;height:auto\"\/><\/figure>\n\n\n\n<figure class=\"wp-block-image size-large is-resized\"><img loading=\"lazy\" decoding=\"async\" width=\"1024\" height=\"487\" src=\"http:\/\/gekg.womam.de\/wp-content\/uploads\/2025\/12\/sponsor-Logo_Hochdahler_Bestattungshaus_Vogelskamp_-1024x487.png\" alt=\"\" class=\"wp-image-53\" style=\"aspect-ratio:2.1026943874697;width:571px;height:auto\" srcset=\"https:\/\/gekg.womam.de\/wp-content\/uploads\/2025\/12\/sponsor-Logo_Hochdahler_Bestattungshaus_Vogelskamp_-1024x487.png 1024w, https:\/\/gekg.womam.de\/wp-content\/uploads\/2025\/12\/sponsor-Logo_Hochdahler_Bestattungshaus_Vogelskamp_-300x143.png 300w, https:\/\/gekg.womam.de\/wp-content\/uploads\/2025\/12\/sponsor-Logo_Hochdahler_Bestattungshaus_Vogelskamp_-768x365.png 768w, https:\/\/gekg.womam.de\/wp-content\/uploads\/2025\/12\/sponsor-Logo_Hochdahler_Bestattungshaus_Vogelskamp_.png 1494w\" sizes=\"auto, (max-width: 1024px) 100vw, 1024px\" \/><\/figure>\n\n\n\n<figure class=\"wp-block-image size-large is-resized\"><img loading=\"lazy\" decoding=\"async\" width=\"1024\" height=\"236\" src=\"http:\/\/gekg.womam.de\/wp-content\/uploads\/2025\/12\/sponsoren-logo-wagemann-zabeli-1024x236.png\" alt=\"\" class=\"wp-image-52\" style=\"aspect-ratio:4.33929773929774;width:629px;height:auto\" srcset=\"https:\/\/gekg.womam.de\/wp-content\/uploads\/2025\/12\/sponsoren-logo-wagemann-zabeli-1024x236.png 1024w, https:\/\/gekg.womam.de\/wp-content\/uploads\/2025\/12\/sponsoren-logo-wagemann-zabeli-300x69.png 300w, https:\/\/gekg.womam.de\/wp-content\/uploads\/2025\/12\/sponsoren-logo-wagemann-zabeli-768x177.png 768w, https:\/\/gekg.womam.de\/wp-content\/uploads\/2025\/12\/sponsoren-logo-wagemann-zabeli.png 1115w\" sizes=\"auto, (max-width: 1024px) 100vw, 1024px\" \/><\/figure>\n\n\n\n<p><\/p>\n","protected":false},"excerpt":{"rendered":"<p>Wir freuen uns \u00fcber Unternehmen, die unsere Hopped\u00f6tze oder unsere Veranstaltungen unterst\u00fctzen m\u00f6chten.Ob als Sponsor f\u00fcr unsere Hopped\u00f6tze oder durch das Aufh\u00e4ngen von Werbebannern bei Events \u2013 jede Partnerschaft hilft uns, unseren Karneval und unsere Jugendarbeit noch bunter und lebendiger zu gestalten. Interesse? Dann melden Sie sich gerne bei uns! Unsere derzeitigen Sponsoren:<\/p>\n","protected":false},"author":2,"featured_media":0,"parent":0,"menu_order":0,"comment_status":"closed","ping_status":"closed","template":"","meta":{"ngg_post_thumbnail":0,"footnotes":""},"class_list":["post-115","page","type-page","status-publish","hentry"],"_links":{"self":[{"href":"https:\/\/gekg.womam.de\/index.php\/wp-json\/wp\/v2\/pages\/115","targetHints":{"allow":["GET"]}}],"collection":[{"href":"https:\/\/gekg.womam.de\/index.php\/wp-json\/wp\/v2\/pages"}],"about":[{"href":"https:\/\/gekg.womam.de\/index.php\/wp-json\/wp\/v2\/types\/page"}],"author":[{"embeddable":true,"href":"https:\/\/gekg.womam.de\/index.php\/wp-json\/wp\/v2\/users\/2"}],"replies":[{"embeddable":true,"href":"https:\/\/gekg.womam.de\/index.php\/wp-json\/wp\/v2\/comments?post=115"}],"version-history":[{"count":2,"href":"https:\/\/gekg.womam.de\/index.php\/wp-json\/wp\/v2\/pages\/115\/revisions"}],"predecessor-version":[{"id":549,"href":"https:\/\/gekg.womam.de\/index.php\/wp-json\/wp\/v2\/pages\/115\/revisions\/549"}],"wp:attachment":[{"href":"https:\/\/gekg.womam.de\/index.php\/wp-json\/wp\/v2\/media?parent=115"}],"curies":[{"name":"wp","href":"https:\/\/api.w.org\/{rel}","templated":true}]}}