{"id":111,"date":"2026-01-07T17:52:03","date_gmt":"2026-01-07T16:52:03","guid":{"rendered":"https:\/\/gekg.womam.de\/?page_id=111"},"modified":"2026-01-07T17:52:03","modified_gmt":"2026-01-07T16:52:03","slug":"ticketverkauf","status":"publish","type":"page","link":"https:\/\/gekg.womam.de\/index.php\/ticketverkauf\/","title":{"rendered":"Ticketverkauf"},"content":{"rendered":"\n<p><a href=\"https:\/\/jeckticket.de\/c471fee3-dc45-420b-b4f7-75b0982c8e57\/\">Gro\u00dfe Erkrather Karnevalsgesellschaft 1994 e.V. | JeckDesk Ticket-Shop<\/a><\/p>\n\n\n\n<p>Sicher dir hier Ihre deine Tickets f\u00fcr die Veranstaltungen der <strong>Gro\u00dfen Erkrather Karnevalsgesellschaft<\/strong>. Ob <strong>Ordensfest<\/strong>, <strong>Brauhaussitzung<\/strong> oder die <strong>JeckMasters (Beerpong-Turnier)<\/strong> \u2013 bei uns ist f\u00fcr jeden Karnevalsfan etwas dabei.<\/p>\n\n\n\n<p>Der Ticketverkauf erfolgt bequem und sicher \u00fcber unseren Online-Ticketshop. \u00dcber den folgenden Link gelangst du direkt zum jeweiligen Angebot. Wir freuen uns darauf, dich bei unseren Veranstaltungen begr\u00fc\u00dfen zu d\u00fcrfen!<\/p>\n\n\n\n<figure class=\"wp-block-image size-large is-style-rounded\"><img loading=\"lazy\" decoding=\"async\" width=\"1024\" height=\"683\" src=\"http:\/\/gekg.womam.de\/wp-content\/uploads\/2026\/01\/DSC_4914-1024x683.jpg\" alt=\"\" class=\"wp-image-113\" srcset=\"https:\/\/gekg.womam.de\/wp-content\/uploads\/2026\/01\/DSC_4914-1024x683.jpg 1024w, https:\/\/gekg.womam.de\/wp-content\/uploads\/2026\/01\/DSC_4914-300x200.jpg 300w, https:\/\/gekg.womam.de\/wp-content\/uploads\/2026\/01\/DSC_4914-768x512.jpg 768w, https:\/\/gekg.womam.de\/wp-content\/uploads\/2026\/01\/DSC_4914-1536x1024.jpg 1536w, https:\/\/gekg.womam.de\/wp-content\/uploads\/2026\/01\/DSC_4914-2048x1365.jpg 2048w\" sizes=\"auto, (max-width: 1024px) 100vw, 1024px\" \/><\/figure>\n\n\n\n<p class=\"has-text-align-center\">Impression vom Ordensfest 2025<\/p>\n\n\n\n<p><\/p>\n","protected":false},"excerpt":{"rendered":"<p>Gro\u00dfe Erkrather Karnevalsgesellschaft 1994 e.V. | JeckDesk Ticket-Shop Sicher dir hier Ihre deine Tickets f\u00fcr die Veranstaltungen der Gro\u00dfen Erkrather Karnevalsgesellschaft. Ob Ordensfest, Brauhaussitzung oder die JeckMasters (Beerpong-Turnier) \u2013 bei uns ist f\u00fcr jeden Karnevalsfan etwas dabei. Der Ticketverkauf erfolgt bequem und sicher \u00fcber unseren Online-Ticketshop. \u00dcber den folgenden Link gelangst du direkt zum jeweiligen [&hellip;]<\/p>\n","protected":false},"author":2,"featured_media":0,"parent":0,"menu_order":0,"comment_status":"closed","ping_status":"closed","template":"","meta":{"ngg_post_thumbnail":0,"footnotes":""},"class_list":["post-111","page","type-page","status-publish","hentry"],"_links":{"self":[{"href":"https:\/\/gekg.womam.de\/index.php\/wp-json\/wp\/v2\/pages\/111","targetHints":{"allow":["GET"]}}],"collection":[{"href":"https:\/\/gekg.womam.de\/index.php\/wp-json\/wp\/v2\/pages"}],"about":[{"href":"https:\/\/gekg.womam.de\/index.php\/wp-json\/wp\/v2\/types\/page"}],"author":[{"embeddable":true,"href":"https:\/\/gekg.womam.de\/index.php\/wp-json\/wp\/v2\/users\/2"}],"replies":[{"embeddable":true,"href":"https:\/\/gekg.womam.de\/index.php\/wp-json\/wp\/v2\/comments?post=111"}],"version-history":[{"count":1,"href":"https:\/\/gekg.womam.de\/index.php\/wp-json\/wp\/v2\/pages\/111\/revisions"}],"predecessor-version":[{"id":114,"href":"https:\/\/gekg.womam.de\/index.php\/wp-json\/wp\/v2\/pages\/111\/revisions\/114"}],"wp:attachment":[{"href":"https:\/\/gekg.womam.de\/index.php\/wp-json\/wp\/v2\/media?parent=111"}],"curies":[{"name":"wp","href":"https:\/\/api.w.org\/{rel}","templated":true}]}}